{"id":17,"date":"2016-02-12T08:09:36","date_gmt":"2016-02-12T08:09:36","guid":{"rendered":"http:\/\/demos.famethemes.com\/onepress\/?page_id=17"},"modified":"2022-11-22T09:02:00","modified_gmt":"2022-11-22T09:02:00","slug":"our-history","status":"publish","type":"page","link":"https:\/\/grupobrunoni.com.br\/?page_id=17","title":{"rendered":"Saiba mais sobre o Prof. Dr. Andr\u00e9 Brunoni"},"content":{"rendered":"<header>M\u00e9dico Psiquiatra, coordenador do Servi\u00e7o Interdisciplinar de Neuromodula\u00e7\u00e3o (SIN), do Instituto de Psiquiatria do Hospital das Cl\u00ednicas da Faculdade de Medicina da Universidade de S\u00e3o Paulo (IPq-HCFMUSP), professor da gradua\u00e7\u00e3o e da p\u00f3s-gradua\u00e7\u00e3o em psiquiatria da Faculdade de Medicina da Universidade de S\u00e3o Paulo (FMUSP). Diretor do INEC &#8211; Instituto de Neuromodula\u00e7\u00e3o Cl\u00ednica.<\/p>\n<p class=\"text desktop\">Formado pela Faculdade de Medicina da USP em 2004, concluiu Resid\u00eancias M\u00e9dicas em Cl\u00ednica M\u00e9dica (2007) e Psiquiatria (2010) pelo Hospital das Cl\u00ednicas da mesma faculdade. Doutor em Neuroci\u00eancias pela USP, com Doutorado-Sandu\u00edche na Harvard Medical School, em 2012. Realizou P\u00f3s-Doutorado na Universidade de Munique em 2017-2018. Atualmente Livre-Docente do Departamento de Psiquiatria, Professor Associado da Faculdade de Medicina da USP e Chefe do Servi\u00e7o de Neuromodula\u00e7\u00e3o no Instituto de Psiquiatria (SIN-IPq).<\/p>\n<\/header>\n<p class=\"text\">Como pesquisador, destacou-se como um dos pesquisadores mais citados do mundo em 2019, 2020, 2021 e 2022, de acordo com ranking internacional elaborado pela <em>Clarivate Analytics<\/em>. Possui mais de 250 artigos cient\u00edficos publicados, muitos deles em revistas de alto impacto como <em>New England Journal of Medicine<\/em>, <em>JAMA Psychiatry<\/em>, <em>Molecular Psychiatry<\/em>, <em>Lancet Psychiatr<\/em>y e <em>American Journal of Psychiatry<\/em>. Participa regularmente de confer\u00eancias nacionais e internacionais como palestrante e atua como revisor de comit\u00eas de pesquisa da Alemanha, Fran\u00e7a, B\u00e9lgica, Reino Unido, Canad\u00e1 e Brasil.<\/p>\n<p class=\"text\">Como psiquiatra, supervisiona o atendimento de casos neuropsiqui\u00e1tricos complexos, avaliando como utilizar as t\u00e9cnicas de neuromodula\u00e7\u00e3o para obter benef\u00edcio cl\u00ednico. Entre os tratamentos preconizados, destacam-se a estimula\u00e7\u00e3o magn\u00e9tica transcraniana (EMT) e a estimula\u00e7\u00e3o transcraniana por corrente cont\u00ednua (ETCC). Promove cursos regulares com o objetivo de disseminar conhecimento em neuroci\u00eancias para cl\u00ednicas privadas e servi\u00e7os p\u00fablicos no Brasil.<\/p>\n","protected":false},"excerpt":{"rendered":"<p>M\u00e9dico Psiquiatra, coordenador do Servi\u00e7o Interdisciplinar de Neuromodula\u00e7\u00e3o (SIN), do Instituto de Psiquiatria do Hospital das Cl\u00ednicas da Faculdade de Medicina da Universidade de S\u00e3o Paulo (IPq-HCFMUSP), professor da gradua\u00e7\u00e3o e da p\u00f3s-gradua\u00e7\u00e3o em psiquiatria da Faculdade de Medicina da Universidade de S\u00e3o Paulo (FMUSP). Diretor do INEC &#8211; Instituto de Neuromodula\u00e7\u00e3o Cl\u00ednica.<\/p>\n","protected":false},"author":1,"featured_media":1528,"parent":0,"menu_order":0,"comment_status":"closed","ping_status":"closed","template":"","meta":{"footnotes":""},"class_list":["post-17","page","type-page","status-publish","has-post-thumbnail","hentry"],"_links":{"self":[{"href":"https:\/\/grupobrunoni.com.br\/index.php?rest_route=\/wp\/v2\/pages\/17","targetHints":{"allow":["GET"]}}],"collection":[{"href":"https:\/\/grupobrunoni.com.br\/index.php?rest_route=\/wp\/v2\/pages"}],"about":[{"href":"https:\/\/grupobrunoni.com.br\/index.php?rest_route=\/wp\/v2\/types\/page"}],"author":[{"embeddable":true,"href":"https:\/\/grupobrunoni.com.br\/index.php?rest_route=\/wp\/v2\/users\/1"}],"replies":[{"embeddable":true,"href":"https:\/\/grupobrunoni.com.br\/index.php?rest_route=%2Fwp%2Fv2%2Fcomments&post=17"}],"version-history":[{"count":3,"href":"https:\/\/grupobrunoni.com.br\/index.php?rest_route=\/wp\/v2\/pages\/17\/revisions"}],"predecessor-version":[{"id":1544,"href":"https:\/\/grupobrunoni.com.br\/index.php?rest_route=\/wp\/v2\/pages\/17\/revisions\/1544"}],"wp:featuredmedia":[{"embeddable":true,"href":"https:\/\/grupobrunoni.com.br\/index.php?rest_route=\/wp\/v2\/media\/1528"}],"wp:attachment":[{"href":"https:\/\/grupobrunoni.com.br\/index.php?rest_route=%2Fwp%2Fv2%2Fmedia&parent=17"}],"curies":[{"name":"wp","href":"https:\/\/api.w.org\/{rel}","templated":true}]}}