{"id":22,"date":"2016-02-12T08:11:05","date_gmt":"2016-02-12T08:11:05","guid":{"rendered":"http:\/\/demos.famethemes.com\/onepress\/?page_id=22"},"modified":"2022-11-23T16:49:47","modified_gmt":"2022-11-23T16:49:47","slug":"our-vision","status":"publish","type":"page","link":"https:\/\/grupobrunoni.com.br\/?page_id=22","title":{"rendered":"Nossa vis\u00e3o"},"content":{"rendered":"<p>Por meio da inova\u00e7\u00e3o, do m\u00e9todo cient\u00edfico, da medicina baseada em evid\u00eancias e da capacita\u00e7\u00e3o do profissional, objetivamos buscar alternativas aos milh\u00f5es de indiv\u00edduos que sofrem com as mais diversas patologias de Sa\u00fade Mental.<\/p>\n\n\n<figure class=\"wp-block-gallery has-nested-images columns-default is-cropped wp-block-gallery-1 is-layout-flex wp-block-gallery-is-layout-flex\">\n<figure class=\"wp-block-image size-large\"><img fetchpriority=\"high\" decoding=\"async\" width=\"1024\" height=\"1024\" data-id=\"1586\" src=\"https:\/\/grupobrunoni.com.br\/wp-content\/uploads\/2022\/11\/logo_gb_fundo_escuro-1024x1024.jpg\" alt=\"\" class=\"wp-image-1586\" srcset=\"https:\/\/grupobrunoni.com.br\/wp-content\/uploads\/2022\/11\/logo_gb_fundo_escuro-1024x1024.jpg 1024w, https:\/\/grupobrunoni.com.br\/wp-content\/uploads\/2022\/11\/logo_gb_fundo_escuro-300x300.jpg 300w, https:\/\/grupobrunoni.com.br\/wp-content\/uploads\/2022\/11\/logo_gb_fundo_escuro-150x150.jpg 150w, https:\/\/grupobrunoni.com.br\/wp-content\/uploads\/2022\/11\/logo_gb_fundo_escuro-768x768.jpg 768w, https:\/\/grupobrunoni.com.br\/wp-content\/uploads\/2022\/11\/logo_gb_fundo_escuro-1536x1536.jpg 1536w, https:\/\/grupobrunoni.com.br\/wp-content\/uploads\/2022\/11\/logo_gb_fundo_escuro-2048x2048.jpg 2048w\" sizes=\"(max-width: 1024px) 100vw, 1024px\" \/><\/figure>\n<\/figure>\n","protected":false},"excerpt":{"rendered":"<p>Por meio da inova\u00e7\u00e3o, do m\u00e9todo cient\u00edfico, da medicina baseada em evid\u00eancias e da capacita\u00e7\u00e3o do profissional, objetivamos buscar alternativas aos milh\u00f5es de indiv\u00edduos que sofrem com as mais diversas patologias de Sa\u00fade Mental.<\/p>\n","protected":false},"author":1,"featured_media":1586,"parent":0,"menu_order":0,"comment_status":"closed","ping_status":"closed","template":"","meta":{"footnotes":""},"class_list":["post-22","page","type-page","status-publish","has-post-thumbnail","hentry"],"_links":{"self":[{"href":"https:\/\/grupobrunoni.com.br\/index.php?rest_route=\/wp\/v2\/pages\/22","targetHints":{"allow":["GET"]}}],"collection":[{"href":"https:\/\/grupobrunoni.com.br\/index.php?rest_route=\/wp\/v2\/pages"}],"about":[{"href":"https:\/\/grupobrunoni.com.br\/index.php?rest_route=\/wp\/v2\/types\/page"}],"author":[{"embeddable":true,"href":"https:\/\/grupobrunoni.com.br\/index.php?rest_route=\/wp\/v2\/users\/1"}],"replies":[{"embeddable":true,"href":"https:\/\/grupobrunoni.com.br\/index.php?rest_route=%2Fwp%2Fv2%2Fcomments&post=22"}],"version-history":[{"count":4,"href":"https:\/\/grupobrunoni.com.br\/index.php?rest_route=\/wp\/v2\/pages\/22\/revisions"}],"predecessor-version":[{"id":1587,"href":"https:\/\/grupobrunoni.com.br\/index.php?rest_route=\/wp\/v2\/pages\/22\/revisions\/1587"}],"wp:featuredmedia":[{"embeddable":true,"href":"https:\/\/grupobrunoni.com.br\/index.php?rest_route=\/wp\/v2\/media\/1586"}],"wp:attachment":[{"href":"https:\/\/grupobrunoni.com.br\/index.php?rest_route=%2Fwp%2Fv2%2Fmedia&parent=22"}],"curies":[{"name":"wp","href":"https:\/\/api.w.org\/{rel}","templated":true}]}}